{"id":132,"date":"2026-04-03T17:00:09","date_gmt":"2026-04-03T17:00:09","guid":{"rendered":"https:\/\/poloniataxi.pl\/?page_id=132"},"modified":"2026-04-03T18:50:51","modified_gmt":"2026-04-03T18:50:51","slug":"nasze-miasta-2","status":"publish","type":"page","link":"https:\/\/poloniataxi.pl\/?page_id=132","title":{"rendered":"Nasze Miasta"},"content":{"rendered":"\n\n\n\n\n\n","protected":false},"excerpt":{"rendered":"","protected":false},"author":1,"featured_media":0,"parent":127,"menu_order":0,"comment_status":"closed","ping_status":"closed","template":"full-width","meta":{"saved_in_kubio":true,"footnotes":""},"class_list":["post-132","page","type-page","status-publish","hentry"],"kubio_ai_page_context":{"short_desc":"Aplikacja Polonia Taxi umo\u017cliwia zamawianie przejazd\u00f3w w najwi\u0119kszych miastach Polski. Obecnie us\u0142uga dost\u0119pna jest m.in. w Krakowie, Piasecznie, Dobczycach . Sie\u0107 Polonia Taxi jest stale rozwijana, a lista obs\u0142ugiwanych lokalizacji mo\u017ce by\u0107 w przysz\u0142o\u015bci rozszerzana o kolejne miasta.","purpose":"about","isFrontPage":false},"_links":{"self":[{"href":"https:\/\/poloniataxi.pl\/index.php?rest_route=\/wp\/v2\/pages\/132","targetHints":{"allow":["GET"]}}],"collection":[{"href":"https:\/\/poloniataxi.pl\/index.php?rest_route=\/wp\/v2\/pages"}],"about":[{"href":"https:\/\/poloniataxi.pl\/index.php?rest_route=\/wp\/v2\/types\/page"}],"author":[{"embeddable":true,"href":"https:\/\/poloniataxi.pl\/index.php?rest_route=\/wp\/v2\/users\/1"}],"replies":[{"embeddable":true,"href":"https:\/\/poloniataxi.pl\/index.php?rest_route=%2Fwp%2Fv2%2Fcomments&post=132"}],"version-history":[{"count":6,"href":"https:\/\/poloniataxi.pl\/index.php?rest_route=\/wp\/v2\/pages\/132\/revisions"}],"predecessor-version":[{"id":144,"href":"https:\/\/poloniataxi.pl\/index.php?rest_route=\/wp\/v2\/pages\/132\/revisions\/144"}],"up":[{"embeddable":true,"href":"https:\/\/poloniataxi.pl\/index.php?rest_route=\/wp\/v2\/pages\/127"}],"wp:attachment":[{"href":"https:\/\/poloniataxi.pl\/index.php?rest_route=%2Fwp%2Fv2%2Fmedia&parent=132"}],"curies":[{"name":"wp","href":"https:\/\/api.w.org\/{rel}","templated":true}]}}